{"id":26,"date":"2023-07-20T08:03:53","date_gmt":"2023-07-20T08:03:53","guid":{"rendered":"http:\/\/source.wpopal.com\/bexper\/?page_id=26"},"modified":"2024-06-12T17:49:36","modified_gmt":"2024-06-12T14:49:36","slug":"about-us","status":"publish","type":"page","link":"https:\/\/kostrips.gr\/de\/about-us\/","title":{"rendered":"About us"},"content":{"rendered":"<div data-elementor-type=\"wp-page\" data-elementor-id=\"26\" class=\"elementor elementor-26\" data-elementor-post-type=\"page\">\n\t\t\t\t\t\t\t<div class=\"elementor-element elementor-element-d4d9ad2 e-flex e-con-boxed e-con e-parent\" data-id=\"d4d9ad2\" data-element_type=\"container\" data-settings=\"{&quot;background_background&quot;:&quot;classic&quot;,&quot;content_width&quot;:&quot;boxed&quot;}\" data-core-v316-plus=\"true\">\n\t\t\t\t\t<div class=\"e-con-inner\">\n\t\t<div class=\"elementor-element elementor-element-575893b e-con-full e-flex e-con e-child\" data-id=\"575893b\" data-element_type=\"container\" data-settings=\"{&quot;content_width&quot;:&quot;full&quot;}\">\n\t\t\t\t<div class=\"elementor-element elementor-element-94a5cf6 subtitle-position-above elementor-widget__width-initial elementor-mobile-align-center elementor-widget elementor-widget-bexper-heading\" data-id=\"94a5cf6\" data-element_type=\"widget\" data-widget_type=\"bexper-heading.default\">\n\t\t\t\t<div class=\"elementor-widget-container\">\n\t\t\t<div class=\"elementor-heading-wrapper-inner\"><h2 class=\"elementor-heading-title elementor-size-default\">Exas Reiseb\u00fcro, Mitglied der FedHATTA, arbeitet mit mehr als 35 Reedereien zusammen.<\/h2><div class=\"elementor-sub-title\">Unsere Garantie<\/div><\/div>\t\t<\/div>\n\t\t\t\t<\/div>\n\t\t\t\t<div class=\"elementor-element elementor-element-c430b30 elementor-widget elementor-widget-heading\" data-id=\"c430b30\" data-element_type=\"widget\" data-widget_type=\"heading.default\">\n\t\t\t\t<div class=\"elementor-widget-container\">\n\t\t\t<style>\/*! elementor - v3.18.0 - 20-12-2023 *\/\n.elementor-heading-title{padding:0;margin:0;line-height:1}.elementor-widget-heading .elementor-heading-title[class*=elementor-size-]>a{color:inherit;font-size:inherit;line-height:inherit}.elementor-widget-heading .elementor-heading-title.elementor-size-small{font-size:15px}.elementor-widget-heading .elementor-heading-title.elementor-size-medium{font-size:19px}.elementor-widget-heading .elementor-heading-title.elementor-size-large{font-size:29px}.elementor-widget-heading .elementor-heading-title.elementor-size-xl{font-size:39px}.elementor-widget-heading .elementor-heading-title.elementor-size-xxl{font-size:59px}<\/style><h6 class=\"elementor-heading-title elementor-size-default\">Umfassende und zuverl\u00e4ssige maritime Dienstleistungen.<\/h6>\t\t<\/div>\n\t\t\t\t<\/div>\n\t\t\t\t<div class=\"elementor-element elementor-element-b30659a elementor-widget__width-initial elementor-widget elementor-widget-text-editor\" data-id=\"b30659a\" data-element_type=\"widget\" data-widget_type=\"text-editor.default\">\n\t\t\t\t<div class=\"elementor-widget-container\">\n\t\t\t<style>\/*! elementor - v3.18.0 - 20-12-2023 *\/\n.elementor-widget-text-editor.elementor-drop-cap-view-stacked .elementor-drop-cap{background-color:#69727d;color:#fff}.elementor-widget-text-editor.elementor-drop-cap-view-framed .elementor-drop-cap{color:#69727d;border:3px solid;background-color:transparent}.elementor-widget-text-editor:not(.elementor-drop-cap-view-default) .elementor-drop-cap{margin-top:8px}.elementor-widget-text-editor:not(.elementor-drop-cap-view-default) .elementor-drop-cap-letter{width:1em;height:1em}.elementor-widget-text-editor .elementor-drop-cap{float:left;text-align:center;line-height:1;font-size:50px}.elementor-widget-text-editor .elementor-drop-cap-letter{display:inline-block}<\/style>\t\t\t\t<p>Exas Shipping Services bietet umfassende und zuverl\u00e4ssige maritime Dienstleistungen mit Sitz auf der griechischen Insel Kos. Die Agentur ist ein Familienbetrieb, der 1965 vom verstorbenen Manos Tyrinopoulos gegr\u00fcndet wurde, einem der \u00e4ltesten und bekanntesten Namen im Reise- und Schifffahrtssektor Griechenlands.<\/p><p>1990 erzielte Exas Travel Agency unter der Leitung des Sohnes des Gr\u00fcnders, Spyros Tyrinopoulos, ein beeindruckendes Wachstum und weitete seine Gesch\u00e4ftsaktivit\u00e4ten auf die Flugzeugindustrie sowie auf Kreuzfahrtschiffe und organisierte Reisen aus.<\/p>\t\t\t\t\t\t<\/div>\n\t\t\t\t<\/div>\n\t\t\t\t<\/div>\n\t\t<div class=\"elementor-element elementor-element-baaa687 e-con-full e-flex e-con e-child\" data-id=\"baaa687\" data-element_type=\"container\" data-settings=\"{&quot;content_width&quot;:&quot;full&quot;}\">\n\t\t<div class=\"elementor-element elementor-element-75d2a51 e-flex e-con-boxed e-con e-child\" data-id=\"75d2a51\" data-element_type=\"container\" data-settings=\"{&quot;content_width&quot;:&quot;boxed&quot;}\">\n\t\t\t\t\t<div class=\"e-con-inner\">\n\t\t\t\t<div class=\"elementor-element elementor-element-7898cfe elementor-widget__width-initial elementor-widget elementor-widget-text-editor\" data-id=\"7898cfe\" data-element_type=\"widget\" data-widget_type=\"text-editor.default\">\n\t\t\t\t<div class=\"elementor-widget-container\">\n\t\t\t\t\t\t\t<p>Nachdem wir eine erfolgreiche Reise hinter uns hatten und uns im Bereich der Schifffahrtsagenturen einen hervorragenden Ruf erarbeitet hatten, begannen wir ein neues Kapitel, indem wir die Dienste einer Zentralagentur bei verschiedenen Schifffahrtsunternehmen einf\u00fchrten, darunter einige f\u00fchrende Unternehmen im Bereich der Seeankerpl\u00e4tze wie GA FERRIES, DODEKANISOS SEAWAYS (von 2000 bis heute), YESIL MARMARIS LINES (von 2011 bis heute) und nicht zuletzt BLUE STAR FERRIES (von 2017 bis heute), Mitglied der ATTICA GROUP, sowie HELLENIC SEAWAYS und ANEK LINES nach ihrer \u00dcbernahme durch letztere im Jahr 2018 bzw. 2024.<\/p><p>Heute arbeitet das Reiseb\u00fcro Exas, Mitglied der FedHATTA (Federation of Hellenic Associations of Tourist &amp; Travel Agencies), mit mehr als 35 Schifffahrtsunternehmen zusammen und bietet ein komplettes F\u00e4hrdienstpaket, das die individuellen Bed\u00fcrfnisse jedes einzelnen Reisenden mehr als erf\u00fcllen kann.<\/p><p>Mit originellen Ideen, kontinuierlichen Anstrengungen und sorgf\u00e4ltig ausgew\u00e4hlten Partnern deckt unser Team aus \u00fcber 16 engagierten und leidenschaftlichen Fachleuten einen vielseitigen Bereich von F\u00e4hrdiensten ab. Dazu geh\u00f6ren Inlands- und Auslandsreisen zwischen Italien, Griechenland und der T\u00fcrkei f\u00fcr gewerbliche Zwecke sowie f\u00fcr Frachttransporte. Dar\u00fcber hinaus organisieren wir einzigartige Reiseerlebnisse, indem wir eine Vielfalt an Ausflugsdiensten auf h\u00f6chstem Niveau anbieten und uns dabei stets an die sich st\u00e4ndig weiterentwickelnde Tourismuslandschaft anpassen.<\/p>\t\t\t\t\t\t<\/div>\n\t\t\t\t<\/div>\n\t\t\t\t\t<\/div>\n\t\t\t\t<\/div>\n\t\t\t\t<\/div>\n\t\t\t\t\t<\/div>\n\t\t\t\t<\/div>\n\t\t<div class=\"elementor-element elementor-element-1983c7f e-flex e-con-boxed e-con e-parent\" data-id=\"1983c7f\" data-element_type=\"container\" data-settings=\"{&quot;background_background&quot;:&quot;classic&quot;,&quot;content_width&quot;:&quot;boxed&quot;}\" data-core-v316-plus=\"true\">\n\t\t\t\t\t<div class=\"e-con-inner\">\n\t\t<div class=\"elementor-element elementor-element-7f64acf e-con-full e-flex e-con e-child\" data-id=\"7f64acf\" data-element_type=\"container\" data-settings=\"{&quot;content_width&quot;:&quot;full&quot;}\">\n\t\t\t\t<div class=\"elementor-element elementor-element-1423a32 elementor-widget elementor-widget-text-editor\" data-id=\"1423a32\" data-element_type=\"widget\" data-widget_type=\"text-editor.default\">\n\t\t\t\t<div class=\"elementor-widget-container\">\n\t\t\t\t\t\t\t<h4>HAUPTB\u00dcRO<\/h4><p>10, Vas. Georgiou Str.<br \/>85300 Kos, Griechenland<br \/>T: +30 22420 29900 (6 lines)<br \/>M:\u00a0<a href=\"mailto:agency@exas.gr\">agency@exas.gr<\/a>,\u00a0<a href=\"mailto:kos@exas.gr\">kos@exas.gr<\/a><\/p><h4>Hafenb\u00fcros<\/h4><h5>Abfahrtsb\u00fcro f\u00fcr Inlandsf\u00e4hren<\/h5><p>Haupthafen von Kos, 85300 Kos<br \/>T: +30 22420 49470<br \/>M:\u00a0<a href=\"mailto:port@exas.gr\">port@exas.gr<\/a>,\u00a0<a href=\"mailto:bsfport@exas.gr\">bsfport@exas.gr<\/a><\/p><h5>Abfahrtsb\u00fcro der Internationalen F\u00e4hren<\/h5><p>Schengen-Raum, 85300 Kos<br \/>T: +30 22420 21710<br \/>M:\u00a0<a href=\"mailto:turkeyport@exas.gr\">turkeyport@exas.gr<\/a><\/p>\t\t\t\t\t\t<\/div>\n\t\t\t\t<\/div>\n\t\t\t\t<\/div>\n\t\t<div class=\"elementor-element elementor-element-86ee95c e-con-full e-flex e-con e-child\" data-id=\"86ee95c\" data-element_type=\"container\" data-settings=\"{&quot;content_width&quot;:&quot;full&quot;}\">\n\t\t\t\t<div class=\"elementor-element elementor-element-9195f28 elementor-widget elementor-widget-text-editor\" data-id=\"9195f28\" data-element_type=\"widget\" data-widget_type=\"text-editor.default\">\n\t\t\t\t<div class=\"elementor-widget-container\">\n\t\t\t\t\t\t\t<h4>E-Mails<\/h4>\n<ul>\n<li>Management:&nbsp;<a href=\"mailto:manager@exas.gr\">manager@exas.gr<\/a><\/li>\n<li>Buchhaltungsb\u00fcro:&nbsp;<a href=\"mailto:accounts@exas.gr\">accounts@exas.gr<\/a><\/li>\n<li>Ticketprobleme:&nbsp;<a href=\"mailto:agency@exas.gr\">agency@exas.gr<\/a><\/li>\n<li>Info:&nbsp;<a href=\"mailto:info@exas.gr\">info@exas.gr<\/a><\/li>\n<li>Reservierungen:&nbsp;<a href=\"mailto:reservations@exas.gr\">reservations@exas.gr<\/a><\/li>\n<li>Ausfl\u00fcge:&nbsp;<a href=\"mailto:excursions@exas.gr\">excursions@exas.gr<\/a><\/li>\n<li>Probleme mit Blue Star Ferries:&nbsp;<a href=\"mailto:bsfkos@exas.gr\">bsfkos@exas.gr<\/a><\/li>\n<li>Probleme mit Dodekanisos Seaways:&nbsp;<a href=\"mailto:12ne@exas.gr\">12ne@exas.gr<\/a><\/li>\n<li>Frachtreservierungen:&nbsp;<a href=\"mailto:cargo@exas.gr\">cargo@exas.gr<\/a><\/li>\n<li>Online-Probleme:&nbsp;<a href=\"mailto:online@exas.gr\">online@exas.gr<\/a><\/li>\n<li>Veranstaltungen:&nbsp;<a href=\"mailto:events@exas.gr\">events@exas.gr<\/a><\/li>\n<li>Unterst\u00fctzung&nbsp;<a href=\"mailto:support@exas.gr\">support@exas.gr<\/a><\/li>\n<\/ul>\t\t\t\t\t\t<\/div>\n\t\t\t\t<\/div>\n\t\t\t\t<div class=\"elementor-element elementor-element-ba5c49b elementor-widget elementor-widget-text-editor\" data-id=\"ba5c49b\" data-element_type=\"widget\" data-widget_type=\"text-editor.default\">\n\t\t\t\t<div class=\"elementor-widget-container\">\n\t\t\t\t\t\t\t<h4>Websites<\/h4><ul><li><a href=\"https:\/\/exas.gr\">exas.gr<\/a><\/li><li><a href=\"https:\/\/infokos.gr\">infokos.gr<\/a><\/li><li><a href=\"https:\/\/kosactivities.com\">kosactivities.com<\/a><\/li><li><a href=\"https:\/\/kostrips.gr\/de\/\">kostrips.gr<\/a><\/li><li><a href=\"https:\/\/greeceturkeyferries.com\">greeceturkeyferries.com<\/a><\/li><li><a href=\"https:\/\/kosbodrumferries.com\">kosbodrumferries.com<\/a><\/li><li><a href=\"https:\/\/kosbodrum.gr\">kosbodrum.gr<\/a><\/li><li><a href=\"https:\/\/kosexcursions.gr\">kosexcursions.gr<\/a><\/li><\/ul>\t\t\t\t\t\t<\/div>\n\t\t\t\t<\/div>\n\t\t\t\t<\/div>\n\t\t<div class=\"elementor-element elementor-element-7e7d590 e-con-full e-flex e-con e-child\" data-id=\"7e7d590\" data-element_type=\"container\" data-settings=\"{&quot;content_width&quot;:&quot;full&quot;}\">\n\t\t\t\t<div class=\"elementor-element elementor-element-93b3e38 e-transform elementor-hidden-mobile_extra elementor-hidden-mobile elementor-widget elementor-widget-image\" data-id=\"93b3e38\" data-element_type=\"widget\" data-settings=\"{&quot;_transform_rotateZ_effect&quot;:{&quot;unit&quot;:&quot;px&quot;,&quot;size&quot;:-27.19,&quot;sizes&quot;:[]},&quot;_transform_rotateZ_effect_laptop&quot;:{&quot;unit&quot;:&quot;deg&quot;,&quot;size&quot;:&quot;&quot;,&quot;sizes&quot;:[]},&quot;_transform_rotateZ_effect_tablet_extra&quot;:{&quot;unit&quot;:&quot;deg&quot;,&quot;size&quot;:&quot;&quot;,&quot;sizes&quot;:[]},&quot;_transform_rotateZ_effect_tablet&quot;:{&quot;unit&quot;:&quot;deg&quot;,&quot;size&quot;:&quot;&quot;,&quot;sizes&quot;:[]},&quot;_transform_rotateZ_effect_mobile_extra&quot;:{&quot;unit&quot;:&quot;deg&quot;,&quot;size&quot;:&quot;&quot;,&quot;sizes&quot;:[]},&quot;_transform_rotateZ_effect_mobile&quot;:{&quot;unit&quot;:&quot;deg&quot;,&quot;size&quot;:&quot;&quot;,&quot;sizes&quot;:[]}}\" data-widget_type=\"image.default\">\n\t\t\t\t<div class=\"elementor-widget-container\">\n\t\t\t<style>\/*! elementor - v3.18.0 - 20-12-2023 *\/\n.elementor-widget-image{text-align:center}.elementor-widget-image a{display:inline-block}.elementor-widget-image a img[src$=\".svg\"]{width:48px}.elementor-widget-image img{vertical-align:middle;display:inline-block}<\/style>\t\t\t\t\t\t\t\t\t\t\t\t<img fetchpriority=\"high\" decoding=\"async\" width=\"1920\" height=\"2560\" src=\"https:\/\/kostrips.gr\/wp-content\/uploads\/2023\/11\/vertical-shot-male-swimming-underwater-with-sky-background-1-scaled.avif\" class=\"elementor-animation-rotate attachment-full size-full wp-image-7333\" alt=\"\" \/>\t\t\t\t\t\t\t\t\t\t\t\t\t\t\t<\/div>\n\t\t\t\t<\/div>\n\t\t\t\t<div class=\"elementor-element elementor-element-2fe4495 elementor-absolute e-transform elementor-hidden-tablet elementor-hidden-mobile elementor-widget elementor-widget-image\" data-id=\"2fe4495\" data-element_type=\"widget\" data-settings=\"{&quot;_position&quot;:&quot;absolute&quot;,&quot;_transform_rotateZ_effect&quot;:{&quot;unit&quot;:&quot;px&quot;,&quot;size&quot;:11.49,&quot;sizes&quot;:[]},&quot;_transform_rotateZ_effect_laptop&quot;:{&quot;unit&quot;:&quot;deg&quot;,&quot;size&quot;:&quot;&quot;,&quot;sizes&quot;:[]},&quot;_transform_rotateZ_effect_tablet_extra&quot;:{&quot;unit&quot;:&quot;deg&quot;,&quot;size&quot;:&quot;&quot;,&quot;sizes&quot;:[]},&quot;_transform_rotateZ_effect_tablet&quot;:{&quot;unit&quot;:&quot;deg&quot;,&quot;size&quot;:&quot;&quot;,&quot;sizes&quot;:[]},&quot;_transform_rotateZ_effect_mobile_extra&quot;:{&quot;unit&quot;:&quot;deg&quot;,&quot;size&quot;:&quot;&quot;,&quot;sizes&quot;:[]},&quot;_transform_rotateZ_effect_mobile&quot;:{&quot;unit&quot;:&quot;deg&quot;,&quot;size&quot;:&quot;&quot;,&quot;sizes&quot;:[]}}\" data-widget_type=\"image.default\">\n\t\t\t\t<div class=\"elementor-widget-container\">\n\t\t\t\t\t\t\t\t\t\t\t\t\t\t\t<img decoding=\"async\" width=\"2560\" height=\"1703\" src=\"https:\/\/kostrips.gr\/wp-content\/uploads\/2023\/07\/two-brothers-on-turkey-resort-against-mediterranea-2022-05-24-00-00-42-utc-scaled.avif\" class=\"elementor-animation-rotate attachment-full size-full wp-image-7378\" alt=\"\" \/>\t\t\t\t\t\t\t\t\t\t\t\t\t\t\t<\/div>\n\t\t\t\t<\/div>\n\t\t\t\t<\/div>\n\t\t\t\t\t<\/div>\n\t\t\t\t<\/div>\n\t\t\t\t\t\t\t<\/div>","protected":false},"excerpt":{"rendered":"<p>Exas Travel Agency, member of FedHATTA , cooperates with more than 35 shipping companies. Our guarantee Comprehensive and reliable maritime services. Exas Shipping Services provide comprehensive and reliable maritime services, based in Kos island, Greece. The agency is a family run business established in 1965 by the late Manos Tyrinopoulos, one of the oldest and [&hellip;]<\/p>","protected":false},"author":1,"featured_media":0,"parent":0,"menu_order":0,"comment_status":"closed","ping_status":"closed","template":"","meta":{"inline_featured_image":false,"footnotes":""},"class_list":["post-26","page","type-page","status-publish","hentry"],"acf":[],"_links":{"self":[{"href":"https:\/\/kostrips.gr\/de\/wp-json\/wp\/v2\/pages\/26","targetHints":{"allow":["GET"]}}],"collection":[{"href":"https:\/\/kostrips.gr\/de\/wp-json\/wp\/v2\/pages"}],"about":[{"href":"https:\/\/kostrips.gr\/de\/wp-json\/wp\/v2\/types\/page"}],"author":[{"embeddable":true,"href":"https:\/\/kostrips.gr\/de\/wp-json\/wp\/v2\/users\/1"}],"replies":[{"embeddable":true,"href":"https:\/\/kostrips.gr\/de\/wp-json\/wp\/v2\/comments?post=26"}],"version-history":[{"count":27,"href":"https:\/\/kostrips.gr\/de\/wp-json\/wp\/v2\/pages\/26\/revisions"}],"predecessor-version":[{"id":7712,"href":"https:\/\/kostrips.gr\/de\/wp-json\/wp\/v2\/pages\/26\/revisions\/7712"}],"wp:attachment":[{"href":"https:\/\/kostrips.gr\/de\/wp-json\/wp\/v2\/media?parent=26"}],"curies":[{"name":"wp","href":"https:\/\/api.w.org\/{rel}","templated":true}]}}